{"id":54,"date":"2020-05-04T14:13:54","date_gmt":"2020-05-04T14:13:54","guid":{"rendered":"https:\/\/petizioneitalianasulclima.it\/?page_id=54"},"modified":"2020-05-15T21:33:15","modified_gmt":"2020-05-15T21:33:15","slug":"promotori","status":"publish","type":"page","link":"https:\/\/petizioneitalianasulclima.it\/?page_id=54","title":{"rendered":"Promotori"},"content":{"rendered":"<h1>Promotori della petizione<\/h1>\n<ul>\n<li><strong>Prof. Uberto Crescenti<\/strong><br \/>\nProfessore Emerito di Geologia Applicata, Universit\u00e0 di Chieti-Pescara,<br \/>\ngi\u00e0 Magnifico Rettore e Presidente della Societ\u00e0 Geologica Italiana.<\/li>\n<li><strong>Prof. Giuliano Panza<\/strong><br \/>\nProfessore di Sismologia, Universit\u00e0 di Trieste,<br \/>\nAccademico dei Lincei e dell\u2019Accademia Nazionale delle Scienze, detta dei XL,<br \/>\nvincitore nel 2018 del Premio Internazionale dell\u2019American Geophysical Union.<\/li>\n<li><strong>Prof. Alberto Prestininzi\u00a0<\/strong><br \/>\nProfessore di Geologia Applicata, Universit\u00e0 di Roma,<br \/>\ngi\u00e0 <em>Scientific Editor in Chief <\/em>della rivista Internazionale IJEGE<br \/>\nDirettore del Centro di Ricerca Previsione e Controllo Rischi Geologici.<\/li>\n<li><strong>Prof. Franco Prodi<\/strong><br \/>\nProfessore di Fisica dell\u2019Atmosfera, Universit\u00e0 di Ferrara.<\/li>\n<li><strong>Prof. Franco Battaglia<\/strong><br \/>\nProfessore di Chimica nell&#8217; Universit\u00e0 di Modena, Movimento Galileo 2001.<\/li>\n<li><strong>Prof. Mario Giaccio<\/strong><br \/>\nProfessore di Tecnologia ed Economia delle Fonti di Energia, Universit\u00e0 di Chieti- Pescara, gi\u00e0 Preside della Facolt\u00e0 di Economia.<\/li>\n<li><strong>Prof. Enrico Miccadei<\/strong><br \/>\nProfessore di Geografia Fisica e Geomorfologia, Universit\u00e0 di Chieti-Pescara.<\/li>\n<li><strong>Prof. Nicola Scafetta<\/strong><br \/>\nProfessore di Fisica dell\u2019Atmosfera e Oceanografia, Universit\u00e0 di Napoli\u00a0Federico II.<\/li>\n<li><strong>Antonio Brambati<\/strong><br \/>\nProfessore di Sedimentologia, Universit\u00e0 di Trieste,<br \/>\nResponsabile Progetto Paleoclima-mare del PNRA,<br \/>\ngi\u00e0 Presidente Commissione Nazionale di Oceanografia.<\/li>\n<\/ul>\n<div class=\"page\" title=\"Page 1\">\n<div class=\"layoutArea\"><\/div>\n<\/div>\n","protected":false},"excerpt":{"rendered":"<p>Promotori della petizione Prof. Uberto Crescenti Professore Emerito di Geologia Applicata, Universit\u00e0 di Chieti-Pescara, gi\u00e0 Magnifico Rettore e Presidente della Societ\u00e0 Geologica Italiana. Prof. Giuliano Panza Professore di Sismologia, Universit\u00e0 di Trieste, Accademico dei Lincei e dell\u2019Accademia Nazionale delle Scienze, &hellip; <a href=\"https:\/\/petizioneitalianasulclima.it\/?page_id=54\">Continua a leggere<span class=\"meta-nav\">&rarr;<\/span><\/a><\/p>\n","protected":false},"author":1,"featured_media":0,"parent":0,"menu_order":2,"comment_status":"closed","ping_status":"closed","template":"onecolumn-page.php","meta":[],"yoast_head":"<!-- This site is optimized with the Yoast SEO plugin v14.0.4 - https:\/\/yoast.com\/wordpress\/plugins\/seo\/ -->\n<meta name=\"robots\" content=\"index, follow\" \/>\n<meta name=\"googlebot\" content=\"index, follow, max-snippet:-1, max-image-preview:large, max-video-preview:-1\" \/>\n<meta name=\"bingbot\" content=\"index, follow, max-snippet:-1, max-image-preview:large, max-video-preview:-1\" \/>\n<link rel=\"canonical\" href=\"https:\/\/petizioneitalianasulclima.it\/?page_id=54\" \/>\n<meta property=\"og:locale\" content=\"it_IT\" \/>\n<meta property=\"og:type\" content=\"article\" \/>\n<meta property=\"og:title\" content=\"Promotori - Petizione sul clima - World Climate Petition\" \/>\n<meta property=\"og:description\" content=\"Promotori della petizione Prof. Uberto Crescenti Professore Emerito di Geologia Applicata, Universit\u00e0 di Chieti-Pescara, gi\u00e0 Magnifico Rettore e Presidente della Societ\u00e0 Geologica Italiana. Prof. Giuliano Panza Professore di Sismologia, Universit\u00e0 di Trieste, Accademico dei Lincei e dell\u2019Accademia Nazionale delle Scienze, &hellip; Continua a leggere&rarr;\" \/>\n<meta property=\"og:url\" content=\"https:\/\/petizioneitalianasulclima.it\/?page_id=54\" \/>\n<meta property=\"og:site_name\" content=\"Petizione sul clima - World Climate Petition\" \/>\n<meta property=\"article:modified_time\" content=\"2020-05-15T21:33:15+00:00\" \/>\n<meta name=\"twitter:card\" content=\"summary_large_image\" \/>\n<script type=\"application\/ld+json\" class=\"yoast-schema-graph\">{\"@context\":\"https:\/\/schema.org\",\"@graph\":[{\"@type\":\"WebSite\",\"@id\":\"https:\/\/petizioneitalianasulclima.it\/#website\",\"url\":\"https:\/\/petizioneitalianasulclima.it\/\",\"name\":\"Petizione sul clima - World Climate Petition\",\"description\":\"\",\"potentialAction\":[{\"@type\":\"SearchAction\",\"target\":\"https:\/\/petizioneitalianasulclima.it\/?s={search_term_string}\",\"query-input\":\"required name=search_term_string\"}],\"inLanguage\":\"it-IT\"},{\"@type\":\"WebPage\",\"@id\":\"https:\/\/petizioneitalianasulclima.it\/?page_id=54#webpage\",\"url\":\"https:\/\/petizioneitalianasulclima.it\/?page_id=54\",\"name\":\"Promotori - Petizione sul clima - World Climate Petition\",\"isPartOf\":{\"@id\":\"https:\/\/petizioneitalianasulclima.it\/#website\"},\"datePublished\":\"2020-05-04T14:13:54+00:00\",\"dateModified\":\"2020-05-15T21:33:15+00:00\",\"inLanguage\":\"it-IT\",\"potentialAction\":[{\"@type\":\"ReadAction\",\"target\":[\"https:\/\/petizioneitalianasulclima.it\/?page_id=54\"]}]}]}<\/script>\n<!-- \/ Yoast SEO plugin. -->","_links":{"self":[{"href":"https:\/\/petizioneitalianasulclima.it\/index.php?rest_route=\/wp\/v2\/pages\/54"}],"collection":[{"href":"https:\/\/petizioneitalianasulclima.it\/index.php?rest_route=\/wp\/v2\/pages"}],"about":[{"href":"https:\/\/petizioneitalianasulclima.it\/index.php?rest_route=\/wp\/v2\/types\/page"}],"author":[{"embeddable":true,"href":"https:\/\/petizioneitalianasulclima.it\/index.php?rest_route=\/wp\/v2\/users\/1"}],"replies":[{"embeddable":true,"href":"https:\/\/petizioneitalianasulclima.it\/index.php?rest_route=%2Fwp%2Fv2%2Fcomments&post=54"}],"version-history":[{"count":5,"href":"https:\/\/petizioneitalianasulclima.it\/index.php?rest_route=\/wp\/v2\/pages\/54\/revisions"}],"predecessor-version":[{"id":142,"href":"https:\/\/petizioneitalianasulclima.it\/index.php?rest_route=\/wp\/v2\/pages\/54\/revisions\/142"}],"wp:attachment":[{"href":"https:\/\/petizioneitalianasulclima.it\/index.php?rest_route=%2Fwp%2Fv2%2Fmedia&parent=54"}],"curies":[{"name":"wp","href":"https:\/\/api.w.org\/{rel}","templated":true}]}}