{"id":340,"date":"2020-05-15T21:51:46","date_gmt":"2020-05-15T21:51:46","guid":{"rendered":"https:\/\/petizioneitalianasulclima.it\/?page_id=340"},"modified":"2020-05-15T21:51:46","modified_gmt":"2020-05-15T21:51:46","slug":"galileo-2001","status":"publish","type":"page","link":"https:\/\/petizioneitalianasulclima.it\/?page_id=340","title":{"rendered":"Galileo 2001"},"content":{"rendered":"<p>L&#8217;associazione &#8220;Galileo 2001 per la libert\u00e0 e la dignit\u00e0 della scienza&#8221; \u00e8 stata costituita, nel 2001, da 32 autorevoli personalit\u00e0 del mondo scientifico per contrastare il clima oscurantista ed irrazionale che,\u00a0 cavalcando le paure dei cittadini, profetizza catastrofi e demonizza la scienza.<br \/>\n<a href=\"https:\/\/petizioneitalianasulclima.it\/wp-content\/uploads\/2020\/05\/Manifesto-Galileo-2001.pdf\" target=\"_blank\" rel=\"noopener noreferrer\">Il Manifesto<\/a><\/p>\n<div class=\"page\" title=\"Page 1\">\n<div class=\"layoutArea\">\n<div class=\"column\">\n<div class=\"page\" title=\"Page 1\">\n<div class=\"layoutArea\">\n<div class=\"column\">\n<p><a href=\"https:\/\/petizioneitalianasulclima.it\/wp-content\/uploads\/2020\/05\/Galileo-2001-Ricci-Lettera-aperta-sul-clima.pdf\" target=\"_blank\" rel=\"noopener noreferrer\">CONVEGNO CLIMA, ENERGIA, SOCIETA\u2019 Aula Magna CNR \u2013 P.le Aldo Moro, 7 \u2013 ROMA<\/a><br \/>\nDOCUMENTO DI SINTESI DEL CONVEGNO &#8221;\u00a0\u201cCLIMA, ENERGIA, SOCIET\u00c0\u201d<br \/>\nRoma, 13-14 ottobre 2009<br \/>\n\t<div id=\"buttons\" style=\"margin-bottom:10px;\">\r\n\t\r\n\r\n\t\r\n\t\t<a href=\"https:\/\/petizioneitalianasulclima.it\/wp-content\/plugins\/pdf-poster\/pdfjs\/web\/viewer.php?file=https:\/\/petizioneitalianasulclima.it\/wp-content\/uploads\/2020\/05\/Sintesi-Convegno-sul-clima-Galileo-2001.pdf&download=true&print=false&openfile=false\"><button>View Fullscreen<\/button><\/a><br \/><iframe width=\"100%\" height=\"561\" src=\"https:\/\/petizioneitalianasulclima.it\/wp-content\/plugins\/pdf-poster\/pdfjs\/web\/viewer.php?file=https:\/\/petizioneitalianasulclima.it\/wp-content\/uploads\/2020\/05\/Sintesi-Convegno-sul-clima-Galileo-2001.pdf&download=true&print=false&openfile=false\"><\/iframe>\r\n\r\n\t<\/div>\r\n\r\n<\/p>\n<\/div>\n<\/div>\n<\/div>\n<p>Prof. Renato Angelo RICCI \u2013 Presidente Associazione Galileo 2001<br \/>\n<a href=\"https:\/\/petizioneitalianasulclima.it\/wp-content\/uploads\/2020\/05\/Galileo-2001-Ricci-Lettera-aperta-sul-clima.pdf\" target=\"_blank\" rel=\"noopener noreferrer\">&#8220;LA SCIENZA \u00c8 AL SERVIZIO SOLO DELLA CONOSCENZA&#8221;<\/a><\/p>\n<p>&nbsp;<\/p>\n<p>&nbsp;<\/p>\n<\/div>\n<\/div>\n<\/div>\n","protected":false},"excerpt":{"rendered":"<p>L&#8217;associazione &#8220;Galileo 2001 per la libert\u00e0 e la dignit\u00e0 della scienza&#8221; \u00e8 stata costituita, nel 2001, da 32 autorevoli personalit\u00e0 del mondo scientifico per contrastare il clima oscurantista ed irrazionale che,\u00a0 cavalcando le paure dei cittadini, profetizza catastrofi e demonizza &hellip; <a href=\"https:\/\/petizioneitalianasulclima.it\/?page_id=340\">Continua a leggere<span class=\"meta-nav\">&rarr;<\/span><\/a><\/p>\n","protected":false},"author":1,"featured_media":0,"parent":0,"menu_order":6,"comment_status":"closed","ping_status":"closed","template":"","meta":[],"yoast_head":"<!-- This site is optimized with the Yoast SEO plugin v14.0.4 - https:\/\/yoast.com\/wordpress\/plugins\/seo\/ -->\n<meta name=\"robots\" content=\"index, follow\" \/>\n<meta name=\"googlebot\" content=\"index, follow, max-snippet:-1, max-image-preview:large, max-video-preview:-1\" \/>\n<meta name=\"bingbot\" content=\"index, follow, max-snippet:-1, max-image-preview:large, max-video-preview:-1\" \/>\n<link rel=\"canonical\" href=\"https:\/\/petizioneitalianasulclima.it\/?page_id=340\" \/>\n<meta property=\"og:locale\" content=\"it_IT\" \/>\n<meta property=\"og:type\" content=\"article\" \/>\n<meta property=\"og:title\" content=\"Galileo 2001 - Petizione sul clima - World Climate Petition\" \/>\n<meta property=\"og:description\" content=\"L&#8217;associazione &#8220;Galileo 2001 per la libert\u00e0 e la dignit\u00e0 della scienza&#8221; \u00e8 stata costituita, nel 2001, da 32 autorevoli personalit\u00e0 del mondo scientifico per contrastare il clima oscurantista ed irrazionale che,\u00a0 cavalcando le paure dei cittadini, profetizza catastrofi e demonizza &hellip; Continua a leggere&rarr;\" \/>\n<meta property=\"og:url\" content=\"https:\/\/petizioneitalianasulclima.it\/?page_id=340\" \/>\n<meta property=\"og:site_name\" content=\"Petizione sul clima - World Climate Petition\" \/>\n<meta name=\"twitter:card\" content=\"summary_large_image\" \/>\n<script type=\"application\/ld+json\" class=\"yoast-schema-graph\">{\"@context\":\"https:\/\/schema.org\",\"@graph\":[{\"@type\":\"WebSite\",\"@id\":\"https:\/\/petizioneitalianasulclima.it\/#website\",\"url\":\"https:\/\/petizioneitalianasulclima.it\/\",\"name\":\"Petizione sul clima - World Climate Petition\",\"description\":\"\",\"potentialAction\":[{\"@type\":\"SearchAction\",\"target\":\"https:\/\/petizioneitalianasulclima.it\/?s={search_term_string}\",\"query-input\":\"required name=search_term_string\"}],\"inLanguage\":\"it-IT\"},{\"@type\":\"WebPage\",\"@id\":\"https:\/\/petizioneitalianasulclima.it\/?page_id=340#webpage\",\"url\":\"https:\/\/petizioneitalianasulclima.it\/?page_id=340\",\"name\":\"Galileo 2001 - Petizione sul clima - World Climate Petition\",\"isPartOf\":{\"@id\":\"https:\/\/petizioneitalianasulclima.it\/#website\"},\"datePublished\":\"2020-05-15T21:51:46+00:00\",\"dateModified\":\"2020-05-15T21:51:46+00:00\",\"inLanguage\":\"it-IT\",\"potentialAction\":[{\"@type\":\"ReadAction\",\"target\":[\"https:\/\/petizioneitalianasulclima.it\/?page_id=340\"]}]}]}<\/script>\n<!-- \/ Yoast SEO plugin. -->","_links":{"self":[{"href":"https:\/\/petizioneitalianasulclima.it\/index.php?rest_route=\/wp\/v2\/pages\/340"}],"collection":[{"href":"https:\/\/petizioneitalianasulclima.it\/index.php?rest_route=\/wp\/v2\/pages"}],"about":[{"href":"https:\/\/petizioneitalianasulclima.it\/index.php?rest_route=\/wp\/v2\/types\/page"}],"author":[{"embeddable":true,"href":"https:\/\/petizioneitalianasulclima.it\/index.php?rest_route=\/wp\/v2\/users\/1"}],"replies":[{"embeddable":true,"href":"https:\/\/petizioneitalianasulclima.it\/index.php?rest_route=%2Fwp%2Fv2%2Fcomments&post=340"}],"version-history":[{"count":6,"href":"https:\/\/petizioneitalianasulclima.it\/index.php?rest_route=\/wp\/v2\/pages\/340\/revisions"}],"predecessor-version":[{"id":351,"href":"https:\/\/petizioneitalianasulclima.it\/index.php?rest_route=\/wp\/v2\/pages\/340\/revisions\/351"}],"wp:attachment":[{"href":"https:\/\/petizioneitalianasulclima.it\/index.php?rest_route=%2Fwp%2Fv2%2Fmedia&parent=340"}],"curies":[{"name":"wp","href":"https:\/\/api.w.org\/{rel}","templated":true}]}}