{"id":185,"date":"2020-05-09T15:22:42","date_gmt":"2020-05-09T15:22:42","guid":{"rendered":"https:\/\/petizioneitalianasulclima.it\/?page_id=185"},"modified":"2020-05-17T08:02:50","modified_gmt":"2020-05-17T08:02:50","slug":"prof-mario-giaccio","status":"publish","type":"page","link":"https:\/\/petizioneitalianasulclima.it\/?page_id=185","title":{"rendered":"Prof. Mario Giaccio"},"content":{"rendered":"<p><strong>Prof. Mario Giaccio<\/strong><br \/>\nProfessore di Tecnologia ed Economia delle Fonti di Energia, Universit\u00e0 di Chieti- Pescara, gi\u00e0 Preside della Facolt\u00e0 di Economia.<\/p>\n<p>&#8220;IL MERCATO DELL\u2019ANIDRIDE CARBONICA&#8221;<br \/>\nArticolo pubblicato su &#8220;Clima, basta catastrofismi&#8221; edito da 21mo Secolo<\/p>\n\t<div id=\"buttons\" style=\"margin-bottom:10px;\">\r\n\t\r\n\r\n\t\r\n\t\t<a href=\"https:\/\/petizioneitalianasulclima.it\/wp-content\/plugins\/pdf-poster\/pdfjs\/web\/viewer.php?file=https:\/\/petizioneitalianasulclima.it\/wp-content\/uploads\/2020\/05\/Prof.-Giaccio-IL-MERCATO-DELL\u2019ANIDRIDE-CARBONICA.pdf&download=true&print=false&openfile=false\"><button>View Fullscreen<\/button><\/a><br \/><iframe width=\"100%\" height=\"561\" src=\"https:\/\/petizioneitalianasulclima.it\/wp-content\/plugins\/pdf-poster\/pdfjs\/web\/viewer.php?file=https:\/\/petizioneitalianasulclima.it\/wp-content\/uploads\/2020\/05\/Prof.-Giaccio-IL-MERCATO-DELL\u2019ANIDRIDE-CARBONICA.pdf&download=true&print=false&openfile=false\"><\/iframe>\r\n\r\n\t<\/div>\r\n\r\n\n<p>&nbsp;<\/p>\n<p>&nbsp;<\/p>\n<p>&nbsp;<\/p>\n","protected":false},"excerpt":{"rendered":"<p>Prof. Mario Giaccio Professore di Tecnologia ed Economia delle Fonti di Energia, Universit\u00e0 di Chieti- Pescara, gi\u00e0 Preside della Facolt\u00e0 di Economia. &#8220;IL MERCATO DELL\u2019ANIDRIDE CARBONICA&#8221; Articolo pubblicato su &#8220;Clima, basta catastrofismi&#8221; edito da 21mo Secolo &nbsp; &nbsp; &nbsp;<\/p>\n","protected":false},"author":1,"featured_media":0,"parent":54,"menu_order":3,"comment_status":"closed","ping_status":"closed","template":"onecolumn-page.php","meta":[],"yoast_head":"<!-- This site is optimized with the Yoast SEO plugin v14.0.4 - https:\/\/yoast.com\/wordpress\/plugins\/seo\/ -->\n<meta name=\"robots\" content=\"index, follow\" \/>\n<meta name=\"googlebot\" content=\"index, follow, max-snippet:-1, max-image-preview:large, max-video-preview:-1\" \/>\n<meta name=\"bingbot\" content=\"index, follow, max-snippet:-1, max-image-preview:large, max-video-preview:-1\" \/>\n<link rel=\"canonical\" href=\"https:\/\/petizioneitalianasulclima.it\/?page_id=185\" \/>\n<meta property=\"og:locale\" content=\"it_IT\" \/>\n<meta property=\"og:type\" content=\"article\" \/>\n<meta property=\"og:title\" content=\"Prof. Mario Giaccio - Petizione sul clima - World Climate Petition\" \/>\n<meta property=\"og:description\" content=\"Prof. Mario Giaccio Professore di Tecnologia ed Economia delle Fonti di Energia, Universit\u00e0 di Chieti- Pescara, gi\u00e0 Preside della Facolt\u00e0 di Economia. &#8220;IL MERCATO DELL\u2019ANIDRIDE CARBONICA&#8221; Articolo pubblicato su &#8220;Clima, basta catastrofismi&#8221; edito da 21mo Secolo &nbsp; &nbsp; &nbsp;\" \/>\n<meta property=\"og:url\" content=\"https:\/\/petizioneitalianasulclima.it\/?page_id=185\" \/>\n<meta property=\"og:site_name\" content=\"Petizione sul clima - World Climate Petition\" \/>\n<meta property=\"article:modified_time\" content=\"2020-05-17T08:02:50+00:00\" \/>\n<meta name=\"twitter:card\" content=\"summary_large_image\" \/>\n<script type=\"application\/ld+json\" class=\"yoast-schema-graph\">{\"@context\":\"https:\/\/schema.org\",\"@graph\":[{\"@type\":\"WebSite\",\"@id\":\"https:\/\/petizioneitalianasulclima.it\/#website\",\"url\":\"https:\/\/petizioneitalianasulclima.it\/\",\"name\":\"Petizione sul clima - World Climate Petition\",\"description\":\"\",\"potentialAction\":[{\"@type\":\"SearchAction\",\"target\":\"https:\/\/petizioneitalianasulclima.it\/?s={search_term_string}\",\"query-input\":\"required name=search_term_string\"}],\"inLanguage\":\"it-IT\"},{\"@type\":\"WebPage\",\"@id\":\"https:\/\/petizioneitalianasulclima.it\/?page_id=185#webpage\",\"url\":\"https:\/\/petizioneitalianasulclima.it\/?page_id=185\",\"name\":\"Prof. Mario Giaccio - Petizione sul clima - World Climate Petition\",\"isPartOf\":{\"@id\":\"https:\/\/petizioneitalianasulclima.it\/#website\"},\"datePublished\":\"2020-05-09T15:22:42+00:00\",\"dateModified\":\"2020-05-17T08:02:50+00:00\",\"inLanguage\":\"it-IT\",\"potentialAction\":[{\"@type\":\"ReadAction\",\"target\":[\"https:\/\/petizioneitalianasulclima.it\/?page_id=185\"]}]}]}<\/script>\n<!-- \/ Yoast SEO plugin. -->","_links":{"self":[{"href":"https:\/\/petizioneitalianasulclima.it\/index.php?rest_route=\/wp\/v2\/pages\/185"}],"collection":[{"href":"https:\/\/petizioneitalianasulclima.it\/index.php?rest_route=\/wp\/v2\/pages"}],"about":[{"href":"https:\/\/petizioneitalianasulclima.it\/index.php?rest_route=\/wp\/v2\/types\/page"}],"author":[{"embeddable":true,"href":"https:\/\/petizioneitalianasulclima.it\/index.php?rest_route=\/wp\/v2\/users\/1"}],"replies":[{"embeddable":true,"href":"https:\/\/petizioneitalianasulclima.it\/index.php?rest_route=%2Fwp%2Fv2%2Fcomments&post=185"}],"version-history":[{"count":4,"href":"https:\/\/petizioneitalianasulclima.it\/index.php?rest_route=\/wp\/v2\/pages\/185\/revisions"}],"predecessor-version":[{"id":262,"href":"https:\/\/petizioneitalianasulclima.it\/index.php?rest_route=\/wp\/v2\/pages\/185\/revisions\/262"}],"up":[{"embeddable":true,"href":"https:\/\/petizioneitalianasulclima.it\/index.php?rest_route=\/wp\/v2\/pages\/54"}],"wp:attachment":[{"href":"https:\/\/petizioneitalianasulclima.it\/index.php?rest_route=%2Fwp%2Fv2%2Fmedia&parent=185"}],"curies":[{"name":"wp","href":"https:\/\/api.w.org\/{rel}","templated":true}]}}